{"id":158,"date":"2016-04-16T19:39:38","date_gmt":"2016-04-16T17:39:38","guid":{"rendered":"http:\/\/kp.daisy-software.com\/?page_id=158"},"modified":"2026-04-01T06:34:16","modified_gmt":"2026-04-01T06:34:16","slug":"speisenkarte","status":"publish","type":"page","link":"https:\/\/krupunder-park.com\/?page_id=158","title":{"rendered":"Neue \u00d6ffnungszeiten ab Januar 2026"},"content":{"rendered":"\n<p><strong>\u00d6ffnungszeiten <\/strong><br><strong>Montag bis Freitag von 17:00 Uhr bis 21:00 Uhr<\/strong><br><strong>Samstag und Sonntag geschlossen <\/strong><br><strong>Gerne \u00f6ffnen wir am Wochenende f\u00fcr Ihre Veranstaltung! <\/strong><\/p>\n\n\n<p><strong>Vorspeise<\/strong><\/p>\n<p>Rinderkraft Consomm\u00e9 I Celestine \u20ac 5,90<\/p>\n<p><strong>Fisch<\/strong>\u00a0 \u00a0 \u00a0 \u00a0 \u00a0 \u00a0 \u00a0 \u00a0 \u00a0 \u00a0 \u00a0 \u00a0 \u00a0 \u00a0 \u00a0 \u00a0 \u00a0 \u00a0 \u00a0 \u00a0 \u00a0 \u00a0 \u00a0 \u00a0 \u00a0 \u00a0 \u00a0 \u00a0 \u00a0 \u00a0 \u00a0 \u00a0\u00a0<\/p>\n<p>Hamburger Pannfisch I Senfsauce I Bacon I R\u00f6stzwiebel Bratkartoffeln I Gurkensalat \u20ac 22,50<\/p>\n<p>Matjes Hausfrauenart I Bratkartoffeln I gemischter Salat \u20ac 19,90<\/p>\n<p>\u00a0<strong>Fleisch<\/strong><\/p>\n<p>Schnitzel vom Schwein I Pilzsauce I Bratkartoffeln I \u00a0gemischter Salat\u00a0 \u20ac 21,50<\/p>\n<p>Metzger Currywurst I Hausgemachte Currysauce I Pommes Frites\u00a0 \u20ac 10,70<\/p>\n<p>Caesar Salad I H\u00e4hnchenbrust I Parmesan I Cro\u00fbtons \u20ac 16,90<\/p>\n<p>Burger Deluxe I Pommes Frites \u20ac 17,90<\/p>\n<p>Roastbeef, kalt I Remouladensauce\u00a0 I Bratkartoffeln I gemischter Salat \u20ac 22,50 \u00a0<span style=\"font-size: inherit;\">\u00a0 \u00a0 \u00a0 \u00a0 \u00a0 \u00a0 \u00a0 \u00a0 \u00a0 \u00a0 \u00a0 \u00a0 \u00a0 \u00a0 \u00a0 \u00a0 \u00a0 \u00a0 \u00a0 \u00a0 \u00a0 \u00a0 \u00a0 \u00a0 \u00a0 \u00a0 \u00a0 \u00a0 \u00a0 \u00a0 \u00a0 \u00a0 \u00a0 \u00a0 \u00a0 \u00a0 \u00a0 \u00a0 \u00a0 \u00a0 \u00a0 \u00a0\u00a0<\/span><\/p>\n<p><strong>Vegetarisch<\/strong><\/p>\n<p>Zucchini Schnitzel I S\u00fc\u00dfkartoffel Pommes Frites I Kr\u00e4uter Quark\u00a0 \u20ac 16,90<\/p>\n<p>Caesar Salad I Kirschtomaten I Walnusskerne I Parmesan I Cro\u00fbtons \u20ac 14,50<\/p>\n<p><span style=\"font-size: inherit;\">\u00a0 <\/span><strong>Kinder<\/strong> \u00a0\u00a0\u00a0\u00a0<\/p>\n<p>Kinderschnitzel vom Schwein I Pommes Frites \u20ac 9,50<\/p>\n<p>Pizza Salat \u20ac 9,50\u00a0 \u00a0 \u00a0 \u00a0 \u00a0 \u00a0 \u00a0 \u00a0 \u00a0 \u00a0 \u00a0 \u00a0 \u00a0 \u00a0 \u00a0\u00a0<\/p>\n<p>Chicken Nuggets I Pommes Frites \u20ac 9,50 \u00a0 \u00a0 \u00a0 \u00a0 \u00a0 \u00a0 \u00a0 \u00a0 \u00a0 \u00a0 \u00a0 \u00a0 \u00a0 \u00a0 \u00a0 \u00a0 \u00a0 \u00a0 \u00a0 \u00a0 \u00a0 \u00a0 \u00a0 \u00a0 \u00a0 \u00a0 \u00a0 \u00a0 \u00a0 \u00a0 \u00a0 \u00a0 \u00a0 \u00a0 \u00a0 \u00a0 \u00a0 \u00a0 \u00a0 \u00a0 \u00a0 \u00a0 \u00a0 \u00a0 \u00a0 \u00a0 \u00a0 \u00a0 \u00a0 \u00a0 \u00a0 \u00a0 \u00a0 \u00a0 \u00a0 \u00a0 \u00a0 \u00a0 \u00a0 \u00a0 \u00a0 \u00a0<\/p>\n<p><strong>Dessert<\/strong><\/p>\n<p>Cr\u00e8me Br\u00fbl\u00e9e \u20ac 4,90<\/p>\n<p>Warmer Brownie I Vanilleeis I Caramelsauce \u00a0\u20ac 8,20<\/p>\n<p>Kugel Eis \u2013 Vanille I Schokolade I Erdbeere \u20ac 2,50<\/p>\n<p>Eiskaffee I Eisschokolade \u20ac 6,00\u00a0<\/p>\n<p>Alle Preise verstehen sich inklusive der gesetzlichen Mehrwertsteuer und Bedienungsgeld<\/p>\n<p>Lieber Gast, Informationen \u00fcber Zutaten in unseren Speisen, die Allergien oder Unvertr\u00e4glichkeiten ausl\u00f6sen k\u00f6nnen, erhalten Sie auf Nachfrage bei unserem Servicepersonal. Unbeabsichtigte Kreuzkontakte k\u00f6nnen nicht ausgeschlossen werden!<\/p>\n<p>\u00a0<\/p>\n\n\n<p><br>                                                      <\/p>\n\n\n\n<p><strong>Bestellen Sie unter der Telefonnummer 04101 \/ 39190.<\/strong><\/p>\n","protected":false},"excerpt":{"rendered":"<p>\u00d6ffnungszeiten Montag bis Freitag von 17:00 Uhr bis 21:00 UhrSamstag und Sonntag geschlossen Gerne \u00f6ffnen wir am Wochenende f\u00fcr Ihre&#8230;<\/p>\n","protected":false},"author":4,"featured_media":0,"parent":11,"menu_order":0,"comment_status":"open","ping_status":"closed","template":"","meta":[],"_links":{"self":[{"href":"https:\/\/krupunder-park.com\/index.php?rest_route=\/wp\/v2\/pages\/158"}],"collection":[{"href":"https:\/\/krupunder-park.com\/index.php?rest_route=\/wp\/v2\/pages"}],"about":[{"href":"https:\/\/krupunder-park.com\/index.php?rest_route=\/wp\/v2\/types\/page"}],"author":[{"embeddable":true,"href":"https:\/\/krupunder-park.com\/index.php?rest_route=\/wp\/v2\/users\/4"}],"replies":[{"embeddable":true,"href":"https:\/\/krupunder-park.com\/index.php?rest_route=%2Fwp%2Fv2%2Fcomments&post=158"}],"version-history":[{"count":69,"href":"https:\/\/krupunder-park.com\/index.php?rest_route=\/wp\/v2\/pages\/158\/revisions"}],"predecessor-version":[{"id":1734,"href":"https:\/\/krupunder-park.com\/index.php?rest_route=\/wp\/v2\/pages\/158\/revisions\/1734"}],"up":[{"embeddable":true,"href":"https:\/\/krupunder-park.com\/index.php?rest_route=\/wp\/v2\/pages\/11"}],"wp:attachment":[{"href":"https:\/\/krupunder-park.com\/index.php?rest_route=%2Fwp%2Fv2%2Fmedia&parent=158"}],"curies":[{"name":"wp","href":"https:\/\/api.w.org\/{rel}","templated":true}]}}