{"id":162,"date":"2016-04-16T19:56:28","date_gmt":"2016-04-16T17:56:28","guid":{"rendered":"http:\/\/kp.daisy-software.com\/?page_id=162"},"modified":"2016-04-16T19:56:28","modified_gmt":"2016-04-16T17:56:28","slug":"restaurants","status":"publish","type":"page","link":"https:\/\/krupunder-park.com\/?page_id=162","title":{"rendered":"Restaurants"},"content":{"rendered":"<h2>Krupunder Stube\u00a0und Hamburger Stube<\/h2>\n<p>Das Hotel &#8222;Krupunder Park&#8220; verbindet auf ideale Weise\u00a0l\u00e4ndliche Athmosph\u00e4re und internationales Flair.<br \/>\nEs liegt in wundersch\u00f6ner Umgebung, unmittelbar am Krupunder See und doch nahe der pulsierenden Gro\u00dfstadt Hamburg mit ihren vielen Sehensw\u00fcrdigkeiten und Kulturereignissen.<\/p>\n<p>Eine besonders behagliche Atmosph\u00f6re bietet Ihnen die &#8222;Krupunder Stube&#8220; mit offenem Kamin. Hier k\u00f6nnen Sie sich bei einem guten Glas Wein oder Bier entspannen und Kleinigkeiten aus der nordeutschen K\u00fcche genie\u00dfen.<\/p>\n<p>F\u00fcr Festlichkeiten, Tagungen und Konferenzen bieten wir\u00a0Ihnen ansprechende R\u00e4umlichkeiten mit bis zu 180 Pl\u00e4tzen.<\/p>\n","protected":false},"excerpt":{"rendered":"<p>Krupunder Stube\u00a0und Hamburger Stube Das Hotel &#8222;Krupunder Park&#8220; verbindet auf ideale Weise\u00a0l\u00e4ndliche Athmosph\u00e4re und internationales Flair. Es liegt in wundersch\u00f6ner&#8230;<\/p>\n","protected":false},"author":4,"featured_media":0,"parent":11,"menu_order":0,"comment_status":"open","ping_status":"closed","template":"","meta":[],"_links":{"self":[{"href":"https:\/\/krupunder-park.com\/index.php?rest_route=\/wp\/v2\/pages\/162"}],"collection":[{"href":"https:\/\/krupunder-park.com\/index.php?rest_route=\/wp\/v2\/pages"}],"about":[{"href":"https:\/\/krupunder-park.com\/index.php?rest_route=\/wp\/v2\/types\/page"}],"author":[{"embeddable":true,"href":"https:\/\/krupunder-park.com\/index.php?rest_route=\/wp\/v2\/users\/4"}],"replies":[{"embeddable":true,"href":"https:\/\/krupunder-park.com\/index.php?rest_route=%2Fwp%2Fv2%2Fcomments&post=162"}],"version-history":[{"count":0,"href":"https:\/\/krupunder-park.com\/index.php?rest_route=\/wp\/v2\/pages\/162\/revisions"}],"up":[{"embeddable":true,"href":"https:\/\/krupunder-park.com\/index.php?rest_route=\/wp\/v2\/pages\/11"}],"wp:attachment":[{"href":"https:\/\/krupunder-park.com\/index.php?rest_route=%2Fwp%2Fv2%2Fmedia&parent=162"}],"curies":[{"name":"wp","href":"https:\/\/api.w.org\/{rel}","templated":true}]}}