{"id":19,"date":"2014-05-04T10:41:04","date_gmt":"2014-05-04T08:41:04","guid":{"rendered":"http:\/\/kp.daisy-software.com\/?page_id=19"},"modified":"2018-05-24T10:10:39","modified_gmt":"2018-05-24T10:10:39","slug":"impressum","status":"publish","type":"page","link":"https:\/\/krupunder-park.com\/?page_id=19","title":{"rendered":"Impressum"},"content":{"rendered":"<p>Krupunder Park GmbH<br \/>\nAltonaer Stra\u00dfe 325<br \/>\n25462 Rellingen<\/p>\n<p>Tel.: 04101-39190<br \/>\nFax: 04101-35040<br \/>\nE-Mail: \u00a0 info@krupunder-park.com<br \/>\nInternet: www.krupunder-park.com<\/p>\n<p>Registergericht: Pinneberg<br \/>\nRegisternummer: HRB 4400<br \/>\nGesch\u00e4ftsf\u00fchrer: Julia und Bj\u00f6rn Luchting<br \/>\nUSt.-ID: DE 189611376<\/p>\n<p>Plattform der EU-Kommision zur Online-Streitbeilegung: https:\/\/ec.europa.eu\/consumers\/odr<\/p>\n<p>Wir sind zur Teilnahme an einem Streitbeilegungsverfahren vor einer Verbraucherschlichtungsstelle weder verpflichtet noch bereit.<\/p>\n","protected":false},"excerpt":{"rendered":"<p>Krupunder Park GmbH Altonaer Stra\u00dfe 325 25462 Rellingen Tel.: 04101-39190 Fax: 04101-35040 E-Mail: \u00a0 info@krupunder-park.com Internet: www.krupunder-park.com Registergericht: Pinneberg Registernummer:&#8230;<\/p>\n","protected":false},"author":5,"featured_media":0,"parent":0,"menu_order":0,"comment_status":"closed","ping_status":"closed","template":"","meta":[],"_links":{"self":[{"href":"https:\/\/krupunder-park.com\/index.php?rest_route=\/wp\/v2\/pages\/19"}],"collection":[{"href":"https:\/\/krupunder-park.com\/index.php?rest_route=\/wp\/v2\/pages"}],"about":[{"href":"https:\/\/krupunder-park.com\/index.php?rest_route=\/wp\/v2\/types\/page"}],"author":[{"embeddable":true,"href":"https:\/\/krupunder-park.com\/index.php?rest_route=\/wp\/v2\/users\/5"}],"replies":[{"embeddable":true,"href":"https:\/\/krupunder-park.com\/index.php?rest_route=%2Fwp%2Fv2%2Fcomments&post=19"}],"version-history":[{"count":3,"href":"https:\/\/krupunder-park.com\/index.php?rest_route=\/wp\/v2\/pages\/19\/revisions"}],"predecessor-version":[{"id":742,"href":"https:\/\/krupunder-park.com\/index.php?rest_route=\/wp\/v2\/pages\/19\/revisions\/742"}],"wp:attachment":[{"href":"https:\/\/krupunder-park.com\/index.php?rest_route=%2Fwp%2Fv2%2Fmedia&parent=19"}],"curies":[{"name":"wp","href":"https:\/\/api.w.org\/{rel}","templated":true}]}}