{"id":33,"date":"2014-05-04T13:34:25","date_gmt":"2014-05-04T11:34:25","guid":{"rendered":"http:\/\/kp.daisy-software.com\/?page_id=33"},"modified":"2021-03-12T08:34:10","modified_gmt":"2021-03-12T08:34:10","slug":"gartenterasse","status":"publish","type":"page","link":"https:\/\/krupunder-park.com\/?page_id=33","title":{"rendered":"Gartenterrasse"},"content":{"rendered":"<p><a href=\"http:\/\/krupunder-park.com\/wp-content\/uploads\/2016\/05\/IMG_3826.jpg\"><img loading=\"lazy\" class=\"alignnone wp-image-215 size-thumbnail\" src=\"http:\/\/krupunder-park.com\/wp-content\/uploads\/2016\/05\/IMG_3826-150x150.jpg\" alt=\"IMG_3826\" width=\"150\" height=\"150\" srcset=\"https:\/\/krupunder-park.com\/wp-content\/uploads\/2016\/05\/IMG_3826-150x150.jpg 150w, https:\/\/krupunder-park.com\/wp-content\/uploads\/2016\/05\/IMG_3826-100x100.jpg 100w\" sizes=\"(max-width: 150px) 100vw, 150px\" \/><\/a> <a href=\"http:\/\/krupunder-park.com\/wp-content\/uploads\/2016\/05\/IMG_6046.jpg\"><img loading=\"lazy\" class=\"alignnone wp-image-214 size-thumbnail\" src=\"http:\/\/krupunder-park.com\/wp-content\/uploads\/2016\/05\/IMG_6046-150x150.jpg\" alt=\"IMG_6046\" width=\"150\" height=\"150\" srcset=\"https:\/\/krupunder-park.com\/wp-content\/uploads\/2016\/05\/IMG_6046-150x150.jpg 150w, https:\/\/krupunder-park.com\/wp-content\/uploads\/2016\/05\/IMG_6046-100x100.jpg 100w\" sizes=\"(max-width: 150px) 100vw, 150px\" \/><\/a> <a href=\"http:\/\/krupunder-park.com\/wp-content\/uploads\/2016\/05\/IMG_6043.jpg\"><img loading=\"lazy\" class=\"alignnone wp-image-213 size-thumbnail\" src=\"http:\/\/krupunder-park.com\/wp-content\/uploads\/2016\/05\/IMG_6043-150x150.jpg\" alt=\"IMG_6043\" width=\"150\" height=\"150\" srcset=\"https:\/\/krupunder-park.com\/wp-content\/uploads\/2016\/05\/IMG_6043-150x150.jpg 150w, https:\/\/krupunder-park.com\/wp-content\/uploads\/2016\/05\/IMG_6043-100x100.jpg 100w\" sizes=\"(max-width: 150px) 100vw, 150px\" \/><\/a> <a href=\"http:\/\/krupunder-park.com\/wp-content\/uploads\/2016\/05\/IMG_6048.jpg\"><img loading=\"lazy\" class=\"alignnone wp-image-212 size-thumbnail\" src=\"http:\/\/krupunder-park.com\/wp-content\/uploads\/2016\/05\/IMG_6048-150x150.jpg\" alt=\"IMG_6048\" width=\"150\" height=\"150\" srcset=\"https:\/\/krupunder-park.com\/wp-content\/uploads\/2016\/05\/IMG_6048-150x150.jpg 150w, https:\/\/krupunder-park.com\/wp-content\/uploads\/2016\/05\/IMG_6048-100x100.jpg 100w\" sizes=\"(max-width: 150px) 100vw, 150px\" \/><\/a><\/p>\n<h6>Die Terrasse vom Hotel Krupunder Park ist zur \u00f6ffentlichen Nutzung, fragen Sie auch gern f\u00fcr Ihre individuelle Veranstaltung nach.<\/h6>\n<p>Wir gestalten unsere Terrasse f\u00fcr Sie neu! Sobald wir wieder er\u00f6ffnen d\u00fcrfen, erwartet Sie eine tolle Beach Club Ecke mit Strandk\u00f6rben, feinem Sand und hoffentlich viel Sonnenschein!<\/p>\n","protected":false},"excerpt":{"rendered":"<p>Die Terrasse vom Hotel Krupunder Park ist zur \u00f6ffentlichen Nutzung, fragen Sie auch gern f\u00fcr Ihre individuelle Veranstaltung nach. Wir&#8230;<\/p>\n","protected":false},"author":5,"featured_media":0,"parent":13,"menu_order":0,"comment_status":"closed","ping_status":"closed","template":"","meta":[],"_links":{"self":[{"href":"https:\/\/krupunder-park.com\/index.php?rest_route=\/wp\/v2\/pages\/33"}],"collection":[{"href":"https:\/\/krupunder-park.com\/index.php?rest_route=\/wp\/v2\/pages"}],"about":[{"href":"https:\/\/krupunder-park.com\/index.php?rest_route=\/wp\/v2\/types\/page"}],"author":[{"embeddable":true,"href":"https:\/\/krupunder-park.com\/index.php?rest_route=\/wp\/v2\/users\/5"}],"replies":[{"embeddable":true,"href":"https:\/\/krupunder-park.com\/index.php?rest_route=%2Fwp%2Fv2%2Fcomments&post=33"}],"version-history":[{"count":1,"href":"https:\/\/krupunder-park.com\/index.php?rest_route=\/wp\/v2\/pages\/33\/revisions"}],"predecessor-version":[{"id":1303,"href":"https:\/\/krupunder-park.com\/index.php?rest_route=\/wp\/v2\/pages\/33\/revisions\/1303"}],"up":[{"embeddable":true,"href":"https:\/\/krupunder-park.com\/index.php?rest_route=\/wp\/v2\/pages\/13"}],"wp:attachment":[{"href":"https:\/\/krupunder-park.com\/index.php?rest_route=%2Fwp%2Fv2%2Fmedia&parent=33"}],"curies":[{"name":"wp","href":"https:\/\/api.w.org\/{rel}","templated":true}]}}