{"id":574,"date":"2014-05-04T10:19:51","date_gmt":"2014-05-04T08:19:51","guid":{"rendered":"http:\/\/localhost\/wordpress-3.9\/wordpress\/?page_id=2"},"modified":"2026-01-23T06:57:51","modified_gmt":"2026-01-23T06:57:51","slug":"sample-page-2","status":"publish","type":"page","link":"https:\/\/krupunder-park.com\/","title":{"rendered":"Willkommen!"},"content":{"rendered":"\n<p>Liebe G\u00e4ste!<\/p>\n\n\n\n<p>Wir haben unsere Terrasse neu f\u00fcr Sie gestaltet! Ein kleiner Beach Club ist entstanden. <br>Schauen Sie bei uns vorbei! <\/p>\n\n\n\n<p>Das bedeutet f\u00fcr uns,  dass wir unsere \u00d6ffnungszeiten anpassen m\u00fcssen und unsere \u00d6ffnungszeiten nunmehr wie folgt aussehen werden:<\/p>\n\n\n\n<p>Montag bis Freitag von  17.00 Uhr bis 21.00 Uhr <\/p>\n\n\n\n<p>Samstag  und Sonntag bleibt unser Restaurant geschlossen- doch f\u00fcr besondere Anl\u00e4sse \u00f6ffnen wir gerne die T\u00fcren f\u00fcr Sie!<\/p>\n\n\n\n<p><strong>Buchen Sie schnell Ihre Zimmer unter der Rufnummer 04101 39190 oder der Email: info@krupunder-park.com<\/strong><\/p>\n\n\n\n<p>Wir freuen uns auf Sie!<\/p>\n\n\n\n<p>Ihre Familie Luchting<\/p>\n\n\n\n<p>und das gesamte Team vom Hotel Krupunder Park&nbsp;<\/p>\n\n\n\n<p><strong>Sie erreichen uns telefonisch unter der Telefonnummer 04101 39190<\/strong> <br>o<strong>der unter der Emailadresse: info@krupunder-park.com<\/strong><\/p>\n\n\n\n<p><strong>Ihr Team vom Hotel Krupunder Park<\/strong><\/p>\n\n\n<h1 style=\"text-align: center;\"><a title=\"Mit einem Klick geht's zum Hotel\" href=\"http:\/\/krupunder-park.com\/?page_id=9\"><img loading=\"lazy\" class=\"wp-image-66 size-full aligncenter\" src=\"http:\/\/krupunder-park.com\/wp-content\/uploads\/2014\/05\/intro_bild-e1399211585891.jpg\" alt=\"\" width=\"659\" height=\"397\" srcset=\"https:\/\/krupunder-park.com\/wp-content\/uploads\/2014\/05\/intro_bild-e1399211585891.jpg 659w, https:\/\/krupunder-park.com\/wp-content\/uploads\/2014\/05\/intro_bild-e1399211585891-300x181.jpg 300w\" sizes=\"(max-width: 659px) 100vw, 659px\" \/><\/a><\/h1>\n<p>Schon im Jahre 1880 wurden in diesem Hause Speisen und Getr\u00e4nke serviert.&nbsp;Diese Tradition zieht sich jetzt durch viele Generationen und immer war das&nbsp;Wohlbefinden des Gastes unser h\u00f6chstes Gut. Geniessen auch Sie die Ruhe und&nbsp;und Entspannung am Krupunder See. Klicken Sie sich einmal durch unsere Angebote&nbsp;und entdecken die Sch\u00f6nheit unseres einmaligen Gasthauses. Wir freuen uns auf<br>\nIhren Besuch, Sie werden es nicht bereuen, Ihr Hotel-Team.<\/p>","protected":false},"excerpt":{"rendered":"<p>Liebe G\u00e4ste! Wir haben unsere Terrasse neu f\u00fcr Sie gestaltet! Ein kleiner Beach Club ist entstanden. Schauen Sie bei uns&#8230;<\/p>\n","protected":false},"author":5,"featured_media":0,"parent":0,"menu_order":0,"comment_status":"closed","ping_status":"closed","template":"page-about.php","meta":[],"_links":{"self":[{"href":"https:\/\/krupunder-park.com\/index.php?rest_route=\/wp\/v2\/pages\/574"}],"collection":[{"href":"https:\/\/krupunder-park.com\/index.php?rest_route=\/wp\/v2\/pages"}],"about":[{"href":"https:\/\/krupunder-park.com\/index.php?rest_route=\/wp\/v2\/types\/page"}],"author":[{"embeddable":true,"href":"https:\/\/krupunder-park.com\/index.php?rest_route=\/wp\/v2\/users\/5"}],"replies":[{"embeddable":true,"href":"https:\/\/krupunder-park.com\/index.php?rest_route=%2Fwp%2Fv2%2Fcomments&post=574"}],"version-history":[{"count":44,"href":"https:\/\/krupunder-park.com\/index.php?rest_route=\/wp\/v2\/pages\/574\/revisions"}],"predecessor-version":[{"id":1722,"href":"https:\/\/krupunder-park.com\/index.php?rest_route=\/wp\/v2\/pages\/574\/revisions\/1722"}],"wp:attachment":[{"href":"https:\/\/krupunder-park.com\/index.php?rest_route=%2Fwp%2Fv2%2Fmedia&parent=574"}],"curies":[{"name":"wp","href":"https:\/\/api.w.org\/{rel}","templated":true}]}}