{"id":81,"date":"2014-05-04T17:32:07","date_gmt":"2014-05-04T15:32:07","guid":{"rendered":"http:\/\/kp.daisy-software.com\/?page_id=81"},"modified":"2026-01-23T07:05:26","modified_gmt":"2026-01-23T07:05:26","slug":"zimmerpreise","status":"publish","type":"page","link":"https:\/\/krupunder-park.com\/?page_id=81","title":{"rendered":"Zimmerpreise"},"content":{"rendered":"\n<p class=\"has-large-font-size\">Zimmerpreise ab 01.01.2026<\/p>\n\n\n\n<figure class=\"wp-block-table aligncenter\"><table><tbody><tr><td class=\"has-text-align-left\" data-align=\"left\">\u00dcbernachtung im Standard- Einzelzimmer&nbsp;Dusche\/WC pro Nacht ~ ohne Fr\u00fchst\u00fcck<\/td><td>ab \u20ac 94,00<\/td><\/tr><tr><td class=\"has-text-align-left\" data-align=\"left\">\u00dcbernachtung im Standard- Doppelzimmer&nbsp;Dusche\/WC pro Nacht ~ ohne Fr\u00fchst\u00fcck<\/td><td>ab \u20ac 131,00<\/td><\/tr><tr><td class=\"has-text-align-left\" data-align=\"left\">\u00dcbernachtung im Dreibettzimmer&nbsp;Dusche\/WC pro Nacht ~ ohne Fr\u00fchst\u00fcck<\/td><td>ab \u20ac 190,00<\/td><\/tr><tr><td class=\"has-text-align-left\" data-align=\"left\">\u00dcbernachtung in der Suite pro Nacht ~ ohne Fr\u00fchst\u00fcck<br>*( f\u00fcr eine Person)<br>**(f\u00fcr zwei Personen)<\/td><td>* ab \u20ac 139,00<br>** ab \u20ac 187,00<\/td><\/tr><tr><td class=\"has-text-align-left\" data-align=\"left\">\u00dcbernachtung im Komfort-Einzelzimmer Dusche\/WC pro Nacht ~ ohne Fr\u00fchst\u00fcck<br>\u00dcbernachtung im Komfort-Doppelzimmer Dusche\/WC pro Nacht ~ ohne Fr\u00fchst\u00fcck<\/td><td> \u20ac 108,50<br> \u20ac 149,00<\/td><\/tr><tr><td class=\"has-text-align-left\" data-align=\"left\">Fr\u00fchst\u00fcck f\u00fcr Kinder bis 12 Jahre<br>pro Kind und Tag<\/td><td>\u20ac 6,50<\/td><\/tr><tr><td class=\"has-text-align-left\" data-align=\"left\">Fr\u00fchst\u00fcck f\u00fcr Hotelg\u00e4ste<br>pro Person und Tag<\/td><td>\u20ac 9,50<\/td><\/tr><tr><td class=\"has-text-align-left\" data-align=\"left\">Fr\u00fchst\u00fcck f\u00fcr au\u00dfer- Haus G\u00e4ste pro Person und Tag<\/td><td>\u20ac 17,50<\/td><\/tr><tr><td class=\"has-text-align-left\" data-align=\"left\"><center><br><strong>Tiere sind im Hotelzimmer nicht erlaubt!<\/strong><br>Die Preise verstehen sich inklusive gesetzlicher Mehrwertsteuer und Bedienungsgeld und sind bis<\/center><br><center><span class=\"has-inline-color has-vivid-red-color\"><strong>Ende Dezember 2026 g\u00fcltig.<\/strong><\/span><br>&#8211; Preis\u00e4nderungen sind vorbehalten -Die MwSt. betr\u00e4gt f\u00fcr die Logis 7% .<\/center><br><center>Wir freuen uns auf Ihren Besuch! <\/center><\/td><\/tr><\/tbody><\/table><figcaption><br><br><\/figcaption><\/figure>\n\n\n\n<p class=\"has-large-font-size\">Zimmerpreise ab 01.01.2026<\/p>\n\n\n\n<figure class=\"wp-block-table\"><table><tbody><tr><td class=\"has-text-align-center\" data-align=\"center\">\u00dcbernachtung im Standard- Einzelzimmer&nbsp;Dusche\/WC pro Nacht ~ ohne Fr\u00fchst\u00fcck<\/td><td>ab \u20ac 94,00<\/td><\/tr><tr><td class=\"has-text-align-center\" data-align=\"center\">\u00dcbernachtung im Standard- Doppelzimmer&nbsp;Dusche\/WC pro Nacht ~ ohne Fr\u00fchst\u00fcck<\/td><td>ab \u20ac<br>131,00<\/td><\/tr><tr><td class=\"has-text-align-center\" data-align=\"center\">\u00dcbernachtung im Dreibettzimmer&nbsp;Dusche\/WC pro Nacht ~ ohne Fr\u00fchst\u00fcck<\/td><td>ab \u20ac <br>190,00<\/td><\/tr><tr><td class=\"has-text-align-center\" data-align=\"center\">\u00dcbernachtung in der Suite pro Nacht ~ ohne Fr\u00fchst\u00fcck<br>*( f\u00fcr eine Person)<br>**(f\u00fcr zwei Personen)<\/td><td>* ab \u20ac 139,00<br>** ab \u20ac 187,00<\/td><\/tr><tr><td class=\"has-text-align-center\" data-align=\"center\">\u00dcbernachtung im Komfort-Einzelzimmer Dusche\/WC pro Nacht ~ ohne Fr\u00fchst\u00fcck<br>\u00dcbernachtung im Komfort-Doppelzimmer Dusche\/WC pro Nacht ~ ohne Fr\u00fchst\u00fcck<\/td><td>ab \u20ac 108,50<br>ab \u20ac 149,00<\/td><\/tr><tr><td class=\"has-text-align-center\" data-align=\"center\">Fr\u00fchst\u00fcck f\u00fcr Kinder bis 12 Jahre<br>pro Kind und Tag<\/td><td>\u20ac 6,50<\/td><\/tr><tr><td class=\"has-text-align-center\" data-align=\"center\">Fr\u00fchst\u00fcck f\u00fcr Hotelg\u00e4ste pro Person und Tag<\/td><td>\u20ac 9,50<\/td><\/tr><tr><td class=\"has-text-align-center\" data-align=\"center\">Fr\u00fchst\u00fcck f\u00fcr au\u00dfer- Haus G\u00e4ste pro Person und Tag<\/td><td>\u20ac 17,50<\/td><\/tr><tr><td class=\"has-text-align-center\" data-align=\"center\"><strong>Tiere sind im Hotelzimmer nicht erlaubt!<\/strong><br>Die Preise verstehen sich inklusive gesetzlicher Mehrwertsteuer und Bedienungsgeld und sind bis<br><strong><span class=\"has-inline-color has-vivid-red-color\">Ende Dezember 2026 g\u00fcltig<\/span><\/strong>.<br>&#8211; Preis\u00e4nderungen sind vorbehalten -Die MwSt. betr\u00e4gt f\u00fcr die Logis 7% .<br>Wir freuen uns auf Ihren Besuch!<\/td><td><\/td><\/tr><\/tbody><\/table><\/figure>\n\n\n\n<p><\/p>\n","protected":false},"excerpt":{"rendered":"<p>Zimmerpreise ab 01.01.2026 \u00dcbernachtung im Standard- Einzelzimmer&nbsp;Dusche\/WC pro Nacht ~ ohne Fr\u00fchst\u00fcckab \u20ac 94,00\u00dcbernachtung im Standard- Doppelzimmer&nbsp;Dusche\/WC pro Nacht ~&#8230;<\/p>\n","protected":false},"author":5,"featured_media":0,"parent":0,"menu_order":0,"comment_status":"closed","ping_status":"closed","template":"page-home.php","meta":[],"_links":{"self":[{"href":"https:\/\/krupunder-park.com\/index.php?rest_route=\/wp\/v2\/pages\/81"}],"collection":[{"href":"https:\/\/krupunder-park.com\/index.php?rest_route=\/wp\/v2\/pages"}],"about":[{"href":"https:\/\/krupunder-park.com\/index.php?rest_route=\/wp\/v2\/types\/page"}],"author":[{"embeddable":true,"href":"https:\/\/krupunder-park.com\/index.php?rest_route=\/wp\/v2\/users\/5"}],"replies":[{"embeddable":true,"href":"https:\/\/krupunder-park.com\/index.php?rest_route=%2Fwp%2Fv2%2Fcomments&post=81"}],"version-history":[{"count":20,"href":"https:\/\/krupunder-park.com\/index.php?rest_route=\/wp\/v2\/pages\/81\/revisions"}],"predecessor-version":[{"id":1728,"href":"https:\/\/krupunder-park.com\/index.php?rest_route=\/wp\/v2\/pages\/81\/revisions\/1728"}],"wp:attachment":[{"href":"https:\/\/krupunder-park.com\/index.php?rest_route=%2Fwp%2Fv2%2Fmedia&parent=81"}],"curies":[{"name":"wp","href":"https:\/\/api.w.org\/{rel}","templated":true}]}}